{"id":364,"date":"2024-02-01T14:04:26","date_gmt":"2024-02-01T13:04:26","guid":{"rendered":"https:\/\/sklep.natchemlab.pl\/?page_id=364"},"modified":"2026-05-10T23:13:21","modified_gmt":"2026-05-10T21:13:21","slug":"sds","status":"publish","type":"page","link":"https:\/\/sklep.natchemlab.pl\/index.php\/sds\/","title":{"rendered":"Regulamin promocji"},"content":{"rendered":"<div class=\"wp-block-group is-vertical is-layout-flex wp-container-core-group-is-layout-8cf370e7 wp-block-group-is-layout-flex\"><p><strong>Regulamin Promocji <\/strong><\/p>\n\n<ol class=\"wp-block-list\"><li>Organizatorem promocji jest Sklep internetowy \u201esklep.natchemlab.pl\u201d nale\u017c\u0105cy do NatChemLab Sp. z o.o. z siedzib\u0105 w Toruniu (87-100), przy ul. Jurija Gagarina 7\/47, KRS 0000582641, NIP 9562314056, REGON 362845547. <\/li>\n\n<li>Aktualnie obowi\u0105zuj\u0105 trzy r\u00f3\u017cne akcje promocyjne: <br>bezp\u0142atna dostawa przy zam\u00f3wieniu dw\u00f3ch b\u0105d\u017a wi\u0119kszej ilo\u015bci produkt\u00f3w w jednym zam\u00f3wieniu w Sklepie Internetowym; 10% rabatu na zakupy z u\u017cyciem kodu rabatowego otrzymanego przy poprzednich zakupach w Sklepie Internetowy; 30% zni\u017cki na zakupy z u\u017cyciem kodu rabatowego majbezczerniaka w Sklepie Internetowym.<\/li>\n\n<li>Darmowa dostawa zostaje przyznana przy zm\u00f3wieniu po dodania do koszyka dw\u00f3ch b\u0105d\u017a wi\u0119kszej liczby produkt\u00f3w kremu onkologicznego i wybraniu opcji \u201eDarmowa dostawa\u201d, kt\u00f3ra pojawi si\u0119 automatycznie w przypadku dodania do koszyka dw\u00f3ch b\u0105d\u017a wi\u0119kszej liczby produkt\u00f3w.<\/li>\n\n<li>Rabat 10% przys\u0142uguje ka\u017cdemu Klientowi, kt\u00f3ry doda\u0142 do koszyka produkt, wpisze kod rabatowy, kt\u00f3ry otrzyma\u0142 przy poprzednich zakupach i go zaakceptuje przyciskiem \u201ewykorzystaj kupon\u201d. Kwota ca\u0142ego zam\u00f3wienia obni\u017cy si\u0119 o 10%.<\/li>\n\n<li>Zni\u017cka 30% ka\u017cdemu Klientowi, kt\u00f3ry doda\u0142 do koszyka produkt, wpisze kod rabatowy majbezczerniaka i go zaakceptuje przyciskiem &#8222;wykorzystaj kupon&#8221;.<\/li>\n\n<li>Rabatu nie mo\u017cna wymieni\u0107 na ekwiwalent pieni\u0119\u017cny ani rzeczowy.<\/li>\n\n<li>Organizator nie odpowiada za nieprawid\u0142owe korzystanie z Promocji.<\/li>\n\n<li>Udzia\u0142 uczestnika w Promocji oznacza akceptacj\u0119 zasad promocji zawartych w niniejszym Regulaminie oraz Regulaminie Sklepu.<\/li>\n\n<li>Dane osobowe uczestnik\u00f3w Promocji b\u0119d\u0105 wykorzystywane w oparciu o obowi\u0105zuj\u0105ce przepisy prawa w szczeg\u00f3lno\u015bci Rozporz\u0105dzenie Parlamentu Europejskiego i Rady (UE) 2016\/679 z dnia 27 kwietnia 2016 r. w sprawie ochrony os\u00f3b fizycznych w zwi\u0105zku z przetwarzaniem danych osobowych i w sprawie swobodnego przep\u0142ywu takich danych oraz uchylenia dyrektywy 95\/46\/WE oraz ustaw\u0119 z dnia 10 maja 2018 r. o ochronie danych osobowych.<\/li>\n\n<li>Wszelkie reklamacje, zastrze\u017cenia lub uwagi dotycz\u0105ce promocji mog\u0105 by\u0107 sk\u0142adane w formie pisemnej lub wys\u0142ane poczt\u0105 w terminie 14 dni od zako\u0144czenia wa\u017cno\u015bci kodu rabatowego na adres: kontakt@natchemlab.pl<\/li>\n\n<li>Organizator Promocji zastrzega sobie prawo do zmiany Regulaminu w przypadku zaistnienia wa\u017cnej przyczyny rozumianej jako:<br>a. zmiana przepis\u00f3w prawa reguluj\u0105cych zasady i organizacj\u0119 przeprowadzania Promocji, wp\u0142ywaj\u0105ca na wzajemne prawa i obowi\u0105zki organizatora i uczestnik\u00f3w Promocji;<br>b. przed\u0142u\u017cenie lub skr\u00f3cenie terminu obowi\u0105zywania Promocji;<br>c. zmiana sposobu przeprowadzania Promocji spowodowana wzgl\u0119dami technicznymi lub technologicznymi.<\/li>\n\n<li>W przypadku dokonania zmiany w Regulaminie, Organizator udost\u0119pni tekst jednolity Regulaminu poprzez jego publikacj\u0119 w Sklepie. Zmiana Regulaminu nie wp\u0142ywa na zam\u00f3wienia z\u0142o\u017cone w ramach Promocji przed dokonaniem zmiany.<\/li>\n\n<li>Do wszelkich spraw nieuregulowanych w niniejszym Regulaminie b\u0119d\u0105 mia\u0142y zastosowanie postanowienia regulaminu serwisu dost\u0119pnego na https:\/\/sklep.natchemlab.pl\/ oraz powszechnie obowi\u0105zuj\u0105ce przepisy prawa polskiego.<\/li><\/ol><\/div>","protected":false},"excerpt":{"rendered":"<p>Regulamin Promocji<\/p>\n","protected":false},"author":1,"featured_media":0,"parent":0,"menu_order":0,"comment_status":"closed","ping_status":"closed","template":"","meta":{"footnotes":""},"class_list":["post-364","page","type-page","status-publish","hentry"],"_links":{"self":[{"href":"https:\/\/sklep.natchemlab.pl\/index.php\/wp-json\/wp\/v2\/pages\/364","targetHints":{"allow":["GET"]}}],"collection":[{"href":"https:\/\/sklep.natchemlab.pl\/index.php\/wp-json\/wp\/v2\/pages"}],"about":[{"href":"https:\/\/sklep.natchemlab.pl\/index.php\/wp-json\/wp\/v2\/types\/page"}],"author":[{"embeddable":true,"href":"https:\/\/sklep.natchemlab.pl\/index.php\/wp-json\/wp\/v2\/users\/1"}],"replies":[{"embeddable":true,"href":"https:\/\/sklep.natchemlab.pl\/index.php\/wp-json\/wp\/v2\/comments?post=364"}],"version-history":[{"count":52,"href":"https:\/\/sklep.natchemlab.pl\/index.php\/wp-json\/wp\/v2\/pages\/364\/revisions"}],"predecessor-version":[{"id":873,"href":"https:\/\/sklep.natchemlab.pl\/index.php\/wp-json\/wp\/v2\/pages\/364\/revisions\/873"}],"wp:attachment":[{"href":"https:\/\/sklep.natchemlab.pl\/index.php\/wp-json\/wp\/v2\/media?parent=364"}],"curies":[{"name":"wp","href":"https:\/\/api.w.org\/{rel}","templated":true}]}}