{"id":702,"date":"2025-05-05T09:55:42","date_gmt":"2025-05-05T07:55:42","guid":{"rendered":"https:\/\/sklep.natchemlab.pl\/?page_id=702"},"modified":"2025-10-28T11:50:41","modified_gmt":"2025-10-28T10:50:41","slug":"gdzie-kupic-stacjonarnie","status":"publish","type":"page","link":"https:\/\/sklep.natchemlab.pl\/index.php\/gdzie-kupic-stacjonarnie\/","title":{"rendered":"Gdzie kupi\u0107 stacjonarnie?"},"content":{"rendered":"<h3>\nGdzie kupi\u0107 stacjonarnie?<\/h3>\n<p>Oto lista miejsc, gdzie Krem Onkologiczny NatChemLab kupisz w sklepach i aptekach stacjonarnych.<\/p>\n<h4>TORU\u0143<\/h4>\n<p><strong>Apteka Bliska <\/strong>[<a href=\"https:\/\/g.co\/kgs\/a12LsWK\">zobacz w Google<\/a>]<br \/>\nul. Fa\u0142ata 35\/37<br \/>\n87-100 Toru\u0144<br \/>\nGodziny otwarcia: Pon.-pt.: 08:00 &#8211; 20:00 Sob.: 08:00 &#8211; 15:00<br \/>\nKoncesja: WIFBY-DT.8520.1.2.2014<\/p>\n<p><strong>Apteka Bliska Tobie <\/strong>[<a href=\"https:\/\/g.co\/kgs\/7jf2KSC\">zobacz w Google<\/a>]<br \/>\nul. Pozna\u0144ska 73<br \/>\n87-100 Toru\u0144<br \/>\nGodziny otwarcia: Pon.-pt.: 8:00 &#8211; 20:00 Sob.: 8:00 &#8211; 15:00<br \/>\nKoncesja: WIFBY-DT.8520.1.12.2015<\/p>\n<p><strong>Apteka Bliska Tobie <\/strong>[zobacz w Google]<br \/>\nul. Wojska Polskiego 43\/45<br \/>\n87-100 Toru\u0144<br \/>\nGodziny otwarcia: Pon.-pt.: 08:00 &#8211; 20:00 Sob.: 08:00 &#8211; 15:00<br \/>\nKoncesja: WIFBY-DT.8520.1.7.2016<\/p>\n<p><strong>Apteka Bliska Tobie <\/strong>[<a href=\"https:\/\/g.co\/kgs\/yjxHe9c\">zobacz w Google<\/a>]<br \/>\nul. Kwiatowa 1<br \/>\n87-100 Toru\u0144<br \/>\nGodziny otwarcia: Pon.-pt.: 08:00 &#8211; 20:00 Sob.: 08:00 &#8211; 15:00<br \/>\nKoncesja: WIFBY-DT.8520.1.8.2016<\/p>\n","protected":false},"excerpt":{"rendered":"<p>Gdzie kupi\u0107 stacjonarnie? Oto lista miejsc, gdzie Krem Onkologiczny NatChemLab kupisz w sklepach i aptekach stacjonarnych. TORU\u0143 Apteka Bliska [zobacz w Google] ul. Fa\u0142ata 35\/37 87-100 Toru\u0144 Godziny otwarcia: Pon.-pt.: [&hellip;]<\/p>\n","protected":false},"author":1,"featured_media":0,"parent":0,"menu_order":0,"comment_status":"closed","ping_status":"closed","template":"","meta":{"footnotes":""},"class_list":["post-702","page","type-page","status-publish","hentry"],"_links":{"self":[{"href":"https:\/\/sklep.natchemlab.pl\/index.php\/wp-json\/wp\/v2\/pages\/702","targetHints":{"allow":["GET"]}}],"collection":[{"href":"https:\/\/sklep.natchemlab.pl\/index.php\/wp-json\/wp\/v2\/pages"}],"about":[{"href":"https:\/\/sklep.natchemlab.pl\/index.php\/wp-json\/wp\/v2\/types\/page"}],"author":[{"embeddable":true,"href":"https:\/\/sklep.natchemlab.pl\/index.php\/wp-json\/wp\/v2\/users\/1"}],"replies":[{"embeddable":true,"href":"https:\/\/sklep.natchemlab.pl\/index.php\/wp-json\/wp\/v2\/comments?post=702"}],"version-history":[{"count":8,"href":"https:\/\/sklep.natchemlab.pl\/index.php\/wp-json\/wp\/v2\/pages\/702\/revisions"}],"predecessor-version":[{"id":786,"href":"https:\/\/sklep.natchemlab.pl\/index.php\/wp-json\/wp\/v2\/pages\/702\/revisions\/786"}],"wp:attachment":[{"href":"https:\/\/sklep.natchemlab.pl\/index.php\/wp-json\/wp\/v2\/media?parent=702"}],"curies":[{"name":"wp","href":"https:\/\/api.w.org\/{rel}","templated":true}]}}