{"id":14,"date":"2023-03-27T11:04:40","date_gmt":"2023-03-27T09:04:40","guid":{"rendered":"http:\/\/serwer2266811.home.pl\/autoinstalator\/wordpress\/index.php\/produkt\/hoodie-with-logo-2\/"},"modified":"2024-02-22T14:47:04","modified_gmt":"2024-02-22T13:47:04","slug":"krem","status":"publish","type":"product","link":"https:\/\/sklep.natchemlab.pl\/index.php\/produkt\/krem\/","title":{"rendered":"Krem onkologiczny"},"content":{"rendered":"<p>Przeznaczony dla os\u00f3b w trakcie i po chemioterapii, radioterapii oraz po usuni\u0119ciu zmian nowotworowych sk\u00f3ry. Zawiera kompozycj\u0119 naturalnych sk\u0142adnik\u00f3w dobranych z najwi\u0119ksz\u0105 dba\u0142o\u015bci\u0105 o potrzeby sk\u00f3ry zmienionej w wyniku leczenia choroby nowotworowej. Obecny w kremie KWAS GALUSOWY wykazuje dzia\u0142anie przeciwutleniaj\u0105ce, \u015bci\u0105gaj\u0105ce i przeciwzapalne. Regularne stosowanie kosmetyku znacz\u0105co poprawia nawil\u017cenie i wzmacnia barier\u0119 ochronn\u0105 sk\u00f3ry. Przeznaczony do codziennego stosowania.<\/p>\n<p>Przy zam\u00f3wieniu min. 2 sztuk przesy\u0142ka gratis<\/p>\n","protected":false},"excerpt":{"rendered":"<p>Krem onkologiczny przeznaczony dla os\u00f3b w trakcie i po chemioterapii, radioterapii oraz po usuni\u0119ciu zmian nowotworowych sk\u00f3ry<\/p>\n","protected":false},"featured_media":334,"comment_status":"closed","ping_status":"closed","template":"","meta":[],"product_cat":[15],"product_tag":[],"class_list":{"0":"post-14","1":"product","2":"type-product","3":"status-publish","4":"has-post-thumbnail","6":"product_cat-kosmetyki","8":"first","9":"instock","10":"taxable","11":"shipping-taxable","12":"purchasable","13":"product-type-simple"},"_links":{"self":[{"href":"https:\/\/sklep.natchemlab.pl\/index.php\/wp-json\/wp\/v2\/product\/14","targetHints":{"allow":["GET"]}}],"collection":[{"href":"https:\/\/sklep.natchemlab.pl\/index.php\/wp-json\/wp\/v2\/product"}],"about":[{"href":"https:\/\/sklep.natchemlab.pl\/index.php\/wp-json\/wp\/v2\/types\/product"}],"replies":[{"embeddable":true,"href":"https:\/\/sklep.natchemlab.pl\/index.php\/wp-json\/wp\/v2\/comments?post=14"}],"wp:featuredmedia":[{"embeddable":true,"href":"https:\/\/sklep.natchemlab.pl\/index.php\/wp-json\/wp\/v2\/media\/334"}],"wp:attachment":[{"href":"https:\/\/sklep.natchemlab.pl\/index.php\/wp-json\/wp\/v2\/media?parent=14"}],"wp:term":[{"taxonomy":"product_cat","embeddable":true,"href":"https:\/\/sklep.natchemlab.pl\/index.php\/wp-json\/wp\/v2\/product_cat?post=14"},{"taxonomy":"product_tag","embeddable":true,"href":"https:\/\/sklep.natchemlab.pl\/index.php\/wp-json\/wp\/v2\/product_tag?post=14"}],"curies":[{"name":"wp","href":"https:\/\/api.w.org\/{rel}","templated":true}]}}